{"id":2,"date":"2010-10-18T12:47:08","date_gmt":"2010-10-18T12:47:08","guid":{"rendered":"http:\/\/wordpress.kaasin.no\/?page_id=2"},"modified":"2013-01-02T09:53:53","modified_gmt":"2013-01-02T08:53:53","slug":"about","status":"publish","type":"page","link":"https:\/\/aaskroken.kaasin.no\/?page_id=2","title":{"rendered":"Om oss"},"content":{"rendered":"<p>Hennie Victoria Wahlstr\u00f8m Kaasin<\/p>\n<p>Willia Konstanse Wahlstr\u00f8m Kaasin<\/p>\n<p>Marianne Kristina Wahlstr\u00f8m<\/p>\n<p>Helge Kaasin<\/p>\n","protected":false},"excerpt":{"rendered":"<p>Hennie Victoria Wahlstr\u00f8m Kaasin Willia Konstanse Wahlstr\u00f8m Kaasin Marianne Kristina Wahlstr\u00f8m Helge Kaasin<\/p>\n","protected":false},"author":1,"featured_media":0,"parent":0,"menu_order":0,"comment_status":"open","ping_status":"closed","template":"","meta":{"jetpack_post_was_ever_published":false,"footnotes":""},"class_list":["post-2","page","type-page","status-publish","hentry"],"jetpack_shortlink":"https:\/\/wp.me\/P1Xc3W-2","jetpack_sharing_enabled":true,"jetpack_likes_enabled":true,"jetpack-related-posts":[],"_links":{"self":[{"href":"https:\/\/aaskroken.kaasin.no\/index.php?rest_route=\/wp\/v2\/pages\/2","targetHints":{"allow":["GET"]}}],"collection":[{"href":"https:\/\/aaskroken.kaasin.no\/index.php?rest_route=\/wp\/v2\/pages"}],"about":[{"href":"https:\/\/aaskroken.kaasin.no\/index.php?rest_route=\/wp\/v2\/types\/page"}],"author":[{"embeddable":true,"href":"https:\/\/aaskroken.kaasin.no\/index.php?rest_route=\/wp\/v2\/users\/1"}],"replies":[{"embeddable":true,"href":"https:\/\/aaskroken.kaasin.no\/index.php?rest_route=%2Fwp%2Fv2%2Fcomments&post=2"}],"version-history":[{"count":3,"href":"https:\/\/aaskroken.kaasin.no\/index.php?rest_route=\/wp\/v2\/pages\/2\/revisions"}],"predecessor-version":[{"id":34,"href":"https:\/\/aaskroken.kaasin.no\/index.php?rest_route=\/wp\/v2\/pages\/2\/revisions\/34"}],"wp:attachment":[{"href":"https:\/\/aaskroken.kaasin.no\/index.php?rest_route=%2Fwp%2Fv2%2Fmedia&parent=2"}],"curies":[{"name":"wp","href":"https:\/\/api.w.org\/{rel}","templated":true}]}}